{"id":1044,"date":"2025-10-17T10:28:16","date_gmt":"2025-10-17T08:28:16","guid":{"rendered":"https:\/\/mediterraniagames.com\/producte\/vic-pam-a-pam\/"},"modified":"2025-10-17T10:28:16","modified_gmt":"2025-10-17T08:28:16","slug":"vic-pam-a-pam","status":"publish","type":"product","link":"https:\/\/mediterraniagames.com\/es\/producto\/vic-pam-a-pam\/","title":{"rendered":"Vic Pam a Pam"},"content":{"rendered":"<p class=\"cvGsUA direction-ltr align-justify para-style-body\">Vic Pam a Pam est\u00e1 dise\u00f1ado para jugar con amigos y familiares y tiene como objetivo demostrar qui\u00e9n sabe m\u00e1s sobre la ciudad a trav\u00e9s de preguntas, dibujos, tab\u00fa, m\u00edmica y orientaci\u00f3n. El juego permite a los jugadores descubrir la ciudad de una manera l\u00fadica, poniendo a prueba sus conocimientos sobre Vic y ofreciendo una alternativa divertida para disfrutar y aprender sobre arte, naturaleza y cultura sin el uso de pantallas.<\/p>\n<blockquote><p><strong><span class=\"OYPEnA font-feature-liga-off font-feature-clig-off font-feature-calt-off text-decoration-none text-strikethrough-none\">\u00abSi tienes m\u00e1s orgullo vigat\u00e0 que ganas de explicar c\u00f3mo se hace una llonganissa como es debido, este juego no puede faltar en tu casa\u00bb. \u2014 Xarcuter de la Pla\u00e7a Major de Vic<\/span><\/strong><\/p><\/blockquote>\n<p>Est\u00e1 dise\u00f1ado para jugar a partir de 4 jugadores y con una duraci\u00f3n de unos 40 minutos. Permite participar en equipo o de manera individual, lo que lo hace perfecto para reuniones familiares y encuentros con amigos. Se compone de 180 preguntas, divididas en tres categor\u00edas con 60 preguntas cada una: Arte y cultura, Territorio y comercio, y Naturaleza y entorno.<\/p>\n","protected":false},"excerpt":{"rendered":"<p class=\"cvGsUA direction-ltr align-start para-style-body\"><span class=\"OYPEnA font-feature-liga-off font-feature-clig-off font-feature-calt-off text-decoration-none text-strikethrough-none\">DENTRO DE LA CAJA ENCONTRAR\u00c1S:<\/span><\/p>\n<ul>\n<li><span class=\"OYPEnA font-feature-liga-off font-feature-clig-off font-feature-calt-off text-decoration-none text-strikethrough-none\">6 FICHAS<\/span><\/li>\n<li><span class=\"OYPEnA font-feature-liga-off font-feature-clig-off font-feature-calt-off text-decoration-none text-strikethrough-none\">1 DADO<\/span><\/li>\n<li><span class=\"OYPEnA font-feature-liga-off font-feature-clig-off font-feature-calt-off text-decoration-none text-strikethrough-none\">180 TARJETAS<\/span><\/li>\n<li><span class=\"OYPEnA font-feature-liga-off font-feature-clig-off font-feature-calt-off text-decoration-none text-strikethrough-none\">1 TABLERO<\/span><\/li>\n<li><span class=\"OYPEnA font-feature-liga-off font-feature-clig-off font-feature-calt-off text-decoration-none text-strikethrough-none\">INSTRUCCIONES DEL JUEGO<\/span><\/li>\n<\/ul>\n","protected":false},"featured_media":668,"template":"","meta":{"_acf_changed":false},"product_cat":[43],"product_tag":[],"class_list":{"0":"post-1044","1":"product","2":"type-product","3":"status-publish","4":"has-post-thumbnail","6":"product_cat-pam-a-pam","8":"first","9":"instock","10":"shipping-taxable","11":"product-type-external","swatches":"rey-swatches","show_selected":"","stretch_labels":"rey-swatches--stretch-labels"},"acf":[],"_links":{"self":[{"href":"https:\/\/mediterraniagames.com\/es\/wp-json\/wp\/v2\/product\/1044","targetHints":{"allow":["GET"]}}],"collection":[{"href":"https:\/\/mediterraniagames.com\/es\/wp-json\/wp\/v2\/product"}],"about":[{"href":"https:\/\/mediterraniagames.com\/es\/wp-json\/wp\/v2\/types\/product"}],"wp:featuredmedia":[{"embeddable":true,"href":"https:\/\/mediterraniagames.com\/es\/wp-json\/wp\/v2\/media\/668"}],"wp:attachment":[{"href":"https:\/\/mediterraniagames.com\/es\/wp-json\/wp\/v2\/media?parent=1044"}],"wp:term":[{"taxonomy":"product_cat","embeddable":true,"href":"https:\/\/mediterraniagames.com\/es\/wp-json\/wp\/v2\/product_cat?post=1044"},{"taxonomy":"product_tag","embeddable":true,"href":"https:\/\/mediterraniagames.com\/es\/wp-json\/wp\/v2\/product_tag?post=1044"}],"curies":[{"name":"wp","href":"https:\/\/api.w.org\/{rel}","templated":true}]}}