{"id":1041,"date":"2025-10-17T10:28:01","date_gmt":"2025-10-17T08:28:01","guid":{"rendered":"https:\/\/mediterraniagames.com\/producte\/terrassa-pam-a-pam\/"},"modified":"2025-10-17T10:28:01","modified_gmt":"2025-10-17T08:28:01","slug":"terrassa-pam-a-pam","status":"publish","type":"product","link":"https:\/\/mediterraniagames.com\/es\/producto\/terrassa-pam-a-pam\/","title":{"rendered":"Terrassa Pam a Pam"},"content":{"rendered":"<p class=\"cvGsUA direction-ltr align-justify para-style-body\">El juego de Terrassa desafiar\u00e1 a los participantes a responder preguntas, hacer m\u00edmica y dibujar sobre el arte, la cultura y la naturaleza de la ciudad de Terrassa. Est\u00e1 dise\u00f1ado para jugar a partir de 4 jugadores y permite participar en equipo si se desea, lo que lo hace perfecto para reuniones familiares y encuentros con amigos. Se compone de 180 preguntas, divididas en tres categor\u00edas con 60 preguntas cada una: Arte y cultura, Comercio y ciudad, y Naturaleza y entorno.<\/p>\n<p class=\"cvGsUA direction-ltr align-justify para-style-body\"><span class=\"OYPEnA font-feature-liga-off font-feature-clig-off font-feature-calt-off text-decoration-none text-strikethrough-none\">Las preguntas de arte y cultura pueden incluir retos como describir la danza tradicional que se baila en la Fiesta Mayor o adivinar el nombre de las colles castelleres de la ciudad. Tambi\u00e9n hay que dibujar la Masia Freixa, la obra m\u00e1s famosa del arquitecto modernista Llu\u00eds Muncunill, para que el resto del equipo la descubra.<\/span><\/p>\n<p class=\"cvGsUA direction-ltr align-justify para-style-body\">El juego incluye un tablero, 1 dado, 180 preguntas y 6 fichas de colores, lo que permite una experiencia de juego visualmente atractiva e interactiva. Las ilustraciones de Imma Mestre a\u00f1aden un toque art\u00edstico, resaltando la belleza y el encanto de Terrassa. Con este juego, los participantes no solo pasar\u00e1n una velada estupenda, sino que tambi\u00e9n descubrir\u00e1n aspectos fascinantes de su ciudad y enriquecer\u00e1n sus conocimientos sobre ella.<\/p>\n<p class=\"cvGsUA direction-ltr align-justify para-style-body\">La clave del juego es jugar con sentimiento de pertenencia y demostrar todo lo que se sabe de la ciudad. Si eres nuevo, las risas y el aprendizaje est\u00e1n asegurados. El juego es una experiencia l\u00fadica y educativa que conecta a las personas a trav\u00e9s del juego y el aprendizaje, al tiempo que celebra el esp\u00edritu y la cultura de Terrassa.<\/p>\n<p class=\"cvGsUA direction-ltr align-justify para-style-body\"><span class=\"OYPEnA font-feature-liga-off font-feature-clig-off font-feature-calt-off text-decoration-none text-strikethrough-none\">Para quienes sienten el orgullo terrassenc bajo la piel, la llegada del juego ya es imprescindible para su prestigio y como regalo para estas Navidades.<\/span><\/p>\n","protected":false},"excerpt":{"rendered":"<p>Dentro de la caja encontrar\u00e1s:<\/p>\n<ul>\n<li>6 fichas<\/li>\n<li>1 dado<\/li>\n<li>180 tarjetas<\/li>\n<li>1 tablero<\/li>\n<li>Instrucciones del juego<\/li>\n<\/ul>\n","protected":false},"featured_media":666,"template":"","meta":{"_acf_changed":false},"product_cat":[43],"product_tag":[],"class_list":{"0":"post-1041","1":"product","2":"type-product","3":"status-publish","4":"has-post-thumbnail","6":"product_cat-pam-a-pam","8":"first","9":"instock","10":"shipping-taxable","11":"product-type-external","swatches":"rey-swatches","show_selected":"","stretch_labels":"rey-swatches--stretch-labels"},"acf":[],"_links":{"self":[{"href":"https:\/\/mediterraniagames.com\/es\/wp-json\/wp\/v2\/product\/1041","targetHints":{"allow":["GET"]}}],"collection":[{"href":"https:\/\/mediterraniagames.com\/es\/wp-json\/wp\/v2\/product"}],"about":[{"href":"https:\/\/mediterraniagames.com\/es\/wp-json\/wp\/v2\/types\/product"}],"wp:featuredmedia":[{"embeddable":true,"href":"https:\/\/mediterraniagames.com\/es\/wp-json\/wp\/v2\/media\/666"}],"wp:attachment":[{"href":"https:\/\/mediterraniagames.com\/es\/wp-json\/wp\/v2\/media?parent=1041"}],"wp:term":[{"taxonomy":"product_cat","embeddable":true,"href":"https:\/\/mediterraniagames.com\/es\/wp-json\/wp\/v2\/product_cat?post=1041"},{"taxonomy":"product_tag","embeddable":true,"href":"https:\/\/mediterraniagames.com\/es\/wp-json\/wp\/v2\/product_tag?post=1041"}],"curies":[{"name":"wp","href":"https:\/\/api.w.org\/{rel}","templated":true}]}}