{"id":1038,"date":"2025-10-17T10:27:41","date_gmt":"2025-10-17T08:27:41","guid":{"rendered":"https:\/\/mediterraniagames.com\/producte\/tarragona-pam-a-pam\/"},"modified":"2025-10-17T10:27:41","modified_gmt":"2025-10-17T08:27:41","slug":"tarragona-pam-a-pam","status":"publish","type":"product","link":"https:\/\/mediterraniagames.com\/es\/producto\/tarragona-pam-a-pam\/","title":{"rendered":"Tarragona Pam a Pam"},"content":{"rendered":"<p class=\"cvGsUA direction-ltr align-justify para-style-body\">El juego de Tarragona desafiar\u00e1 a los participantes a responder preguntas, hacer m\u00edmica y dibujar sobre el arte, la cultura y la naturaleza de la ciudad de Tarragona. Est\u00e1 dise\u00f1ado para jugar a partir de 4 jugadores y con una duraci\u00f3n de unos 40 minutos. Permite participar en equipo o de forma individual, lo que lo hace perfecto para reuniones familiares y encuentros con amigos. Se compone de 180 preguntas, divididas en tres categor\u00edas con 60 preguntas cada una: Arte y cultura, Comercio y ciudad, y Naturaleza y entorno.<\/p>\n<p class=\"cvGsUA direction-ltr align-justify para-style-body\">Las preguntas sobre arte y cultura pueden desafiar a los participantes con retos como descubrir en qu\u00e9 idioma se hablaba en la antigua Tarraco. que ser\u00e1 el arquitecto del Teatro Metropol. En la categor\u00eda de naturaleza y entorno, se plantean preguntas como adivinar el nombre de los bloques de piedra rectangulares que utilizaban los romanos para construir muros o c\u00f3mo se llama popularmente el Acueducto de las Ferreres.<\/p>\n<p class=\"cvGsUA direction-ltr align-justify para-style-body\">En cuanto a la categor\u00eda de Comercio y Ciudad, los participantes deber\u00e1n responder preguntas como qu\u00e9 significa \u00abxafarot\u00bb o como se dice el festival de recreaci\u00f3n hist\u00f3rica romana. El juego tambi\u00e9n incluye pruebas creativas, como dibujar el <strong><span class=\"OYPEnA font-feature-liga-off font-feature-clig-off font-feature-calt-off text-decoration-none text-strikethrough-none\">Balc\u00f3 del Mediterrani <\/span><\/strong><span class=\"OYPEnA font-feature-liga-off font-feature-clig-off font-feature-calt-off text-decoration-none text-strikethrough-none\">o <\/span><span class=\"OYPEnA font-feature-liga-off font-feature-clig-off font-feature-calt-off text-decoration-none text-strikethrough-none\">la <strong>Cucafera <\/strong><\/span> <span class=\"OYPEnA font-feature-liga-off font-feature-clig-off font-feature-calt-off text-decoration-none text-strikethrough-none\">para que el resto del equipo adivine la respuesta. Adem\u00e1s, se podr\u00e1 jugar al tab\u00fa con palabras como<\/span> <span class=\"OYPEnA font-feature-liga-off font-feature-clig-off font-feature-calt-off text-decoration-none text-strikethrough-none\"><strong>N\u00e0stic<\/strong> de <strong>Tarragona<\/strong>, <strong>\u00c0liga de Tarragona <\/strong> <\/span><strong><span class=\"OYPEnA font-feature-liga-off font-feature-clig-off font-feature-calt-off text-decoration-none text-strikethrough-none\">o<\/span><span class=\"OYPEnA font-feature-liga-off font-feature-clig-off font-feature-calt-off text-decoration-none text-strikethrough-none\"> Chartreuse.<\/span><\/strong><\/p>\n","protected":false},"excerpt":{"rendered":"<p>En la caja encontrar\u00e1s:<\/p>\n<ul>\n<li>6 fichas<\/li>\n<li>1 dado<\/li>\n<li>180 tarjetas<\/li>\n<li>1 tablero<\/li>\n<li>Instrucciones del juego<\/li>\n<\/ul>\n","protected":false},"featured_media":664,"template":"","meta":{"_acf_changed":false},"product_cat":[43],"product_tag":[],"class_list":{"0":"post-1038","1":"product","2":"type-product","3":"status-publish","4":"has-post-thumbnail","6":"product_cat-pam-a-pam","8":"first","9":"instock","10":"shipping-taxable","11":"product-type-external","swatches":"rey-swatches","show_selected":"","stretch_labels":"rey-swatches--stretch-labels"},"acf":[],"_links":{"self":[{"href":"https:\/\/mediterraniagames.com\/es\/wp-json\/wp\/v2\/product\/1038","targetHints":{"allow":["GET"]}}],"collection":[{"href":"https:\/\/mediterraniagames.com\/es\/wp-json\/wp\/v2\/product"}],"about":[{"href":"https:\/\/mediterraniagames.com\/es\/wp-json\/wp\/v2\/types\/product"}],"wp:featuredmedia":[{"embeddable":true,"href":"https:\/\/mediterraniagames.com\/es\/wp-json\/wp\/v2\/media\/664"}],"wp:attachment":[{"href":"https:\/\/mediterraniagames.com\/es\/wp-json\/wp\/v2\/media?parent=1038"}],"wp:term":[{"taxonomy":"product_cat","embeddable":true,"href":"https:\/\/mediterraniagames.com\/es\/wp-json\/wp\/v2\/product_cat?post=1038"},{"taxonomy":"product_tag","embeddable":true,"href":"https:\/\/mediterraniagames.com\/es\/wp-json\/wp\/v2\/product_tag?post=1038"}],"curies":[{"name":"wp","href":"https:\/\/api.w.org\/{rel}","templated":true}]}}