{"id":1032,"date":"2025-10-17T10:27:10","date_gmt":"2025-10-17T08:27:10","guid":{"rendered":"https:\/\/mediterraniagames.com\/producte\/reus-pam-a-pam\/"},"modified":"2025-10-17T10:27:10","modified_gmt":"2025-10-17T08:27:10","slug":"reus-pam-a-pam","status":"publish","type":"product","link":"https:\/\/mediterraniagames.com\/es\/producto\/reus-pam-a-pam\/","title":{"rendered":"Reus Pam a Pam"},"content":{"rendered":"<p class=\"cvGsUA direction-ltr align-justify para-style-body\"><span class=\"OYPEnA font-feature-liga-off font-feature-clig-off font-feature-calt-off text-decoration-none text-strikethrough-none\">El juego de Reus desafiar\u00e1 a los participantes a responder preguntas, hacer m\u00edmica y dibujar sobre el arte, la cultura y la naturaleza de la ciudad. Est\u00e1 dise\u00f1ado para jugar.  <\/span><span class=\"OYPEnA font-feature-liga-off font-feature-clig-off font-feature-calt-off text-decoration-none text-strikethrough-none\">a partir de 4 jugadores y con una duraci\u00f3n de unos 40 minutos.<\/span><span class=\"OYPEnA font-feature-liga-off font-feature-clig-off font-feature-calt-off text-decoration-none text-strikethrough-none\"> Permite participar en equipo o de manera individual, lo que lo hace perfecto para reuniones familiares y encuentros con amigos. Se compone de  <\/span>180 preguntas, divididas en tres categor\u00edas con 60 preguntas cada una: <strong><span class=\"OYPEnA font-feature-liga-off font-feature-clig-off font-feature-calt-off text-decoration-none text-strikethrough-none\">Arte y cultura, Comercio y ciudad, y Naturaleza y entorno.<\/span><\/strong><\/p>\n<p class=\"cvGsUA direction-ltr align-justify para-style-body\">Las preguntas sobre arte y cultura desaf\u00edan a los participantes con retos como identificar el estilo arquitect\u00f3nico de la Casa Nav\u00e0s o recordar cu\u00e1l era la profesi\u00f3n de Eduard Toda i G\u00fcell. En la categor\u00eda de naturaleza y entorno, se plantean preguntas como en qu\u00e9 parque se encuentran las piscinas municipales o en qu\u00e9 a\u00f1o se celebr\u00f3 la primera Olimpiada Escolar de Reus.<\/p>\n<p class=\"cvGsUA direction-ltr align-justify para-style-body\">En el \u00e1mbito del comercio y la ciudad, los jugadores tendr\u00e1n que responder preguntas como qu\u00e9 es el Plim o qu\u00e9 se esconde detr\u00e1s del nombre de coc r\u00e0pid. El juego tambi\u00e9n incluye pruebas creativas, como dibujar un <span class=\"OYPEnA font-feature-liga-off font-feature-clig-off font-feature-calt-off text-decoration-none text-strikethrough-none\">stick de hockey<\/span><span class=\"OYPEnA font-feature-liga-off font-feature-clig-off font-feature-calt-off text-decoration-none text-strikethrough-none\"> o una <\/span><span class=\"OYPEnA font-feature-liga-off font-feature-clig-off font-feature-calt-off text-decoration-none text-strikethrough-none\"><strong>pinya<\/strong> <strong>pinyonera<\/strong><\/span><span class=\"OYPEnA font-feature-liga-off font-feature-clig-off font-feature-calt-off text-decoration-none text-strikethrough-none\"> para que el resto del equipo no acierta la respuesta. Adem\u00e1s, se podr\u00e1 jugar al tab\u00fa con palabras emblem\u00e1ticas como  <\/span><span class=\"OYPEnA font-feature-liga-off font-feature-clig-off font-feature-calt-off text-decoration-none text-strikethrough-none\"><strong>PortAventura<\/strong>, <strong>Carrasclet <\/strong> <\/span><span class=\"OYPEnA font-feature-liga-off font-feature-clig-off font-feature-calt-off text-decoration-none text-strikethrough-none\">o<\/span><span class=\"OYPEnA font-feature-liga-off font-feature-clig-off font-feature-calt-off text-decoration-none text-strikethrough-none\"> el <strong>Parc de Sant Jordi.<\/strong><\/span><\/p>\n","protected":false},"excerpt":{"rendered":"<p>En la caja encontrar\u00e1s:<\/p>\n<ul>\n<li>6 fichas<\/li>\n<li>1 dado<\/li>\n<li>180 tarjetas<\/li>\n<li>1 tablero<\/li>\n<li>Instrucciones del juego<\/li>\n<\/ul>\n","protected":false},"featured_media":660,"template":"","meta":{"_acf_changed":false},"product_cat":[43],"product_tag":[],"class_list":{"0":"post-1032","1":"product","2":"type-product","3":"status-publish","4":"has-post-thumbnail","6":"product_cat-pam-a-pam","8":"first","9":"instock","10":"shipping-taxable","11":"product-type-external","swatches":"rey-swatches","show_selected":"","stretch_labels":"rey-swatches--stretch-labels"},"acf":[],"_links":{"self":[{"href":"https:\/\/mediterraniagames.com\/es\/wp-json\/wp\/v2\/product\/1032","targetHints":{"allow":["GET"]}}],"collection":[{"href":"https:\/\/mediterraniagames.com\/es\/wp-json\/wp\/v2\/product"}],"about":[{"href":"https:\/\/mediterraniagames.com\/es\/wp-json\/wp\/v2\/types\/product"}],"wp:featuredmedia":[{"embeddable":true,"href":"https:\/\/mediterraniagames.com\/es\/wp-json\/wp\/v2\/media\/660"}],"wp:attachment":[{"href":"https:\/\/mediterraniagames.com\/es\/wp-json\/wp\/v2\/media?parent=1032"}],"wp:term":[{"taxonomy":"product_cat","embeddable":true,"href":"https:\/\/mediterraniagames.com\/es\/wp-json\/wp\/v2\/product_cat?post=1032"},{"taxonomy":"product_tag","embeddable":true,"href":"https:\/\/mediterraniagames.com\/es\/wp-json\/wp\/v2\/product_tag?post=1032"}],"curies":[{"name":"wp","href":"https:\/\/api.w.org\/{rel}","templated":true}]}}