{"id":1020,"date":"2025-10-17T08:56:08","date_gmt":"2025-10-17T06:56:08","guid":{"rendered":"https:\/\/mediterraniagames.com\/producte\/el-juego-del-tito\/"},"modified":"2025-10-17T08:56:08","modified_gmt":"2025-10-17T06:56:08","slug":"el-juego-del-tito","status":"publish","type":"product","link":"https:\/\/mediterraniagames.com\/es\/producto\/el-juego-del-tito\/","title":{"rendered":"El juego del Tit\u00f3"},"content":{"rendered":"<p class=\"p1\">\u00a1Tit\u00f3 de excursi\u00f3n! es un juego de mesa visual e intuitivo, que anima a los jugadores a reconocer los elementos de cada excursi\u00f3n y clasificarlos por escenarios.<br \/>\nDesarrolla las habilidades de observaci\u00f3n y memoria, al tiempo que fomenta el lenguaje, la comunicaci\u00f3n y la adquisici\u00f3n de vocabulario.<br \/>\nAyuda a mejorar la autonom\u00eda y promueve el trabajo en equipo, la coordinaci\u00f3n y la socializaci\u00f3n. <\/p>\n<p class=\"p1\">Primer juego de mesa del personaje favorito de los ni\u00f1os de 3 a 6 a\u00f1os.<br \/>\nLos libros de Tit\u00f3 acumulan m\u00e1s de 40.000 ejemplares vendidos.<br \/>\nPromoci\u00f3n, comunicaci\u00f3n y difusi\u00f3n del juego en colaboraci\u00f3n con 3cat.<\/p>\n","protected":false},"excerpt":{"rendered":"<p class=\"p1\">DENTRO DE LA CAJA ENCONTRAR\u00c1S:<\/p>\n<ul>\n<li class=\"p1\">45 FICHAS<\/li>\n<li class=\"p1\">9 EXCURSIONES<\/li>\n<li class=\"p1\">1 BOLSA DE TELA<\/li>\n<li class=\"p1\">INSTRUCCIONES DEL JUEGO<\/li>\n<\/ul>\n","protected":false},"featured_media":624,"template":"","meta":{"_acf_changed":false},"product_cat":[42],"product_tag":[],"class_list":{"0":"post-1020","1":"product","2":"type-product","3":"status-publish","4":"has-post-thumbnail","6":"product_cat-sin-categoria","8":"first","9":"instock","10":"shipping-taxable","11":"product-type-external","swatches":"rey-swatches","show_selected":"","stretch_labels":"rey-swatches--stretch-labels"},"acf":[],"_links":{"self":[{"href":"https:\/\/mediterraniagames.com\/es\/wp-json\/wp\/v2\/product\/1020","targetHints":{"allow":["GET"]}}],"collection":[{"href":"https:\/\/mediterraniagames.com\/es\/wp-json\/wp\/v2\/product"}],"about":[{"href":"https:\/\/mediterraniagames.com\/es\/wp-json\/wp\/v2\/types\/product"}],"wp:featuredmedia":[{"embeddable":true,"href":"https:\/\/mediterraniagames.com\/es\/wp-json\/wp\/v2\/media\/624"}],"wp:attachment":[{"href":"https:\/\/mediterraniagames.com\/es\/wp-json\/wp\/v2\/media?parent=1020"}],"wp:term":[{"taxonomy":"product_cat","embeddable":true,"href":"https:\/\/mediterraniagames.com\/es\/wp-json\/wp\/v2\/product_cat?post=1020"},{"taxonomy":"product_tag","embeddable":true,"href":"https:\/\/mediterraniagames.com\/es\/wp-json\/wp\/v2\/product_tag?post=1020"}],"curies":[{"name":"wp","href":"https:\/\/api.w.org\/{rel}","templated":true}]}}