{"id":1013,"date":"2025-10-17T08:17:12","date_gmt":"2025-10-17T06:17:12","guid":{"rendered":"https:\/\/mediterraniagames.com\/producte\/mataro-pam-a-pam\/"},"modified":"2025-10-17T08:17:12","modified_gmt":"2025-10-17T06:17:12","slug":"mataro-pam-a-pam","status":"publish","type":"product","link":"https:\/\/mediterraniagames.com\/es\/producto\/mataro-pam-a-pam\/","title":{"rendered":"Matar\u00f3 Pam a Pam"},"content":{"rendered":"<p class=\"cvGsUA direction-ltr align-justify para-style-body\"><span class=\"OYPEnA font-feature-liga-off font-feature-clig-off font-feature-calt-off text-decoration-none text-strikethrough-none\">El <strong>juego<\/strong> de <strong>Matar\u00f3<\/strong> desafiar\u00e1 a los participantes a responder preguntas, hacer <strong>m\u00edmica y dibujar sobre arte, cultura y naturaleza de la ciudad.<\/strong> Est\u00e1 dise\u00f1ado para jugar <\/span><span class=\"OYPEnA font-feature-liga-off font-feature-clig-off font-feature-calt-off text-decoration-none text-strikethrough-none\">a partir de 4 jugadores y con una <strong>duraci\u00f3n de unos 40 minutos<\/strong>.<\/span><span class=\"OYPEnA font-feature-liga-off font-feature-clig-off font-feature-calt-off text-decoration-none text-strikethrough-none\"> Permite participar en <strong>equipo<\/strong> o de manera individual, haci\u00e9ndolo perfecto para reuniones <strong>familiares<\/strong> y encuentros con <strong>amigos<\/strong>. Se compone de <\/span><strong><span class=\"OYPEnA font-feature-liga-off font-feature-clig-off font-feature-calt-off text-decoration-none text-strikethrough-none\">180 preguntas<\/span><\/strong><span class=\"OYPEnA font-feature-liga-off font-feature-clig-off font-feature-calt-off text-decoration-none text-strikethrough-none\">, divididas en tres categor\u00edas con 60 preguntas cada una: <\/span><strong><span class=\"OYPEnA font-feature-liga-off font-feature-clig-off font-feature-calt-off text-decoration-none text-strikethrough-none\">Arte y cultura, Comercio y ciudad, y Naturaleza y entorno.<\/span><\/strong><\/p>\n<blockquote><p><strong><span class=\"OYPEnA font-feature-liga-off font-feature-clig-off font-feature-calt-off text-decoration-none text-strikethrough-none\">\u00abSi sabes qui\u00e9nes son Robafaves y la Geganta antes que los Reyes Magos, este juego deber\u00eda ser patrimonio nacional de la sobremesa\u00bb\u2014 Miembro de la familia de los Gegants<\/span><\/strong><\/p><\/blockquote>\n<p class=\"cvGsUA direction-ltr align-justify para-style-body\"><span class=\"OYPEnA font-feature-liga-off font-feature-clig-off font-feature-calt-off text-decoration-none text-strikethrough-none\">Las preguntas de arte y cultura desaf\u00edan a los participantes con retos como adivinar en <\/span><span class=\"OYPEnA font-feature-liga-off font-feature-clig-off font-feature-calt-off text-decoration-none text-strikethrough-none\">qu\u00e9 <strong>a\u00f1o<\/strong> se inaugur\u00f3 el <strong>ferrocarril<\/strong> entre <strong>Barcelona<\/strong> y <strong>Matar\u00f3<\/strong><\/span> <span class=\"OYPEnA font-feature-liga-off font-feature-clig-off font-feature-calt-off text-decoration-none text-strikethrough-none\">o qu\u00e9 nombre recibe el <strong>correfoc<\/strong> que se enciende la noche de la <\/span><strong><span class=\"OYPEnA font-feature-liga-off font-feature-clig-off font-feature-calt-off text-decoration-none text-strikethrough-none\">Nit Boja<\/span><\/strong><span class=\"OYPEnA font-feature-liga-off font-feature-clig-off font-feature-calt-off text-decoration-none text-strikethrough-none\">. En la categor\u00eda de <strong>naturaleza<\/strong> y <strong>entorno<\/strong>, se proponen cuestiones como qu\u00e9 peque\u00f1o riachuelo desemboca en la <\/span> <span class=\"OYPEnA font-feature-liga-off font-feature-clig-off font-feature-calt-off text-decoration-none text-strikethrough-none\"><strong>playa del Callao<\/strong><\/span><span class=\"OYPEnA font-feature-liga-off font-feature-clig-off font-feature-calt-off text-decoration-none text-strikethrough-none\"> o cu\u00e1l es el <\/span><strong><span class=\"OYPEnA font-feature-liga-off font-feature-clig-off font-feature-calt-off text-decoration-none text-strikethrough-none\">parque urbano m\u00e1s grande de Matar\u00f3.<\/span><\/strong> <\/p>\n<p class=\"cvGsUA direction-ltr align-justify para-style-body\"><span class=\"OYPEnA font-feature-liga-off font-feature-clig-off font-feature-calt-off text-decoration-none text-strikethrough-none\">En cuanto al \u00e1mbito de comercio y ciudad, los jugadores tendr\u00e1n que responder preguntas como qu\u00e9 d\u00eda empiezan oficialmente <\/span><strong><span class=\"OYPEnA font-feature-liga-off font-feature-clig-off font-feature-calt-off text-decoration-none text-strikethrough-none\">Las Santas<\/span><\/strong><span class=\"OYPEnA font-feature-liga-off font-feature-clig-off font-feature-calt-off text-decoration-none text-strikethrough-none\"> o qu\u00e9 significa hacer <\/span><strong><span class=\"OYPEnA font-feature-liga-off font-feature-clig-off font-feature-calt-off text-decoration-none text-strikethrough-none\">toris<\/span><\/strong><span class=\"OYPEnA font-feature-liga-off font-feature-clig-off font-feature-calt-off text-decoration-none text-strikethrough-none\">. El juego tambi\u00e9n incluye pruebas creativas: <\/span><span class=\"OYPEnA font-feature-liga-off font-feature-clig-off font-feature-calt-off text-decoration-none text-strikethrough-none\">dibujar la estatua de <strong>San Sebasti\u00e1n o un enano como el Pierrot<\/strong><\/span><span class=\"OYPEnA font-feature-liga-off font-feature-clig-off font-feature-calt-off text-decoration-none text-strikethrough-none\"> para que el resto del equipo adivine la respuesta. Adem\u00e1s, no faltar\u00e1n partidas de tab\u00fa y de m\u00edmica con palabras tan mataroninses como <\/span><strong><span class=\"OYPEnA font-feature-liga-off font-feature-clig-off font-feature-calt-off text-decoration-none text-strikethrough-none\">The Tyets, el Clap o Robafaves.<\/span><\/strong><\/p>\n","protected":false},"excerpt":{"rendered":"<p>Dentro de la caja encontrar\u00e1s:<\/p>\n<ul>\n<li>6 fichas<\/li>\n<li>1 dado<\/li>\n<li>180 tarjetas<\/li>\n<li>1 tablero<\/li>\n<li>Instrucciones del juego<\/li>\n<\/ul>\n","protected":false},"featured_media":1017,"template":"","meta":{"_acf_changed":false},"product_cat":[43],"product_tag":[],"class_list":{"0":"post-1013","1":"product","2":"type-product","3":"status-publish","4":"has-post-thumbnail","6":"product_cat-pam-a-pam","8":"first","9":"instock","10":"featured","11":"shipping-taxable","12":"product-type-external","swatches":"rey-swatches","show_selected":"","stretch_labels":"rey-swatches--stretch-labels"},"acf":[],"_links":{"self":[{"href":"https:\/\/mediterraniagames.com\/es\/wp-json\/wp\/v2\/product\/1013","targetHints":{"allow":["GET"]}}],"collection":[{"href":"https:\/\/mediterraniagames.com\/es\/wp-json\/wp\/v2\/product"}],"about":[{"href":"https:\/\/mediterraniagames.com\/es\/wp-json\/wp\/v2\/types\/product"}],"wp:featuredmedia":[{"embeddable":true,"href":"https:\/\/mediterraniagames.com\/es\/wp-json\/wp\/v2\/media\/1017"}],"wp:attachment":[{"href":"https:\/\/mediterraniagames.com\/es\/wp-json\/wp\/v2\/media?parent=1013"}],"wp:term":[{"taxonomy":"product_cat","embeddable":true,"href":"https:\/\/mediterraniagames.com\/es\/wp-json\/wp\/v2\/product_cat?post=1013"},{"taxonomy":"product_tag","embeddable":true,"href":"https:\/\/mediterraniagames.com\/es\/wp-json\/wp\/v2\/product_tag?post=1013"}],"curies":[{"name":"wp","href":"https:\/\/api.w.org\/{rel}","templated":true}]}}